{"id":2767,"date":"2021-10-04T06:17:26","date_gmt":"2021-10-04T06:17:26","guid":{"rendered":"https:\/\/homepage.cloud-ace.vn\/?page_id=2767"},"modified":"2022-09-22T09:55:20","modified_gmt":"2022-09-22T02:55:20","slug":"faq","status":"publish","type":"page","link":"https:\/\/cloud-ace.vn\/en\/faq\/","title":{"rendered":"FAQ"},"content":{"rendered":"<div data-elementor-type=\"wp-post\" data-elementor-id=\"2767\" class=\"elementor elementor-2767\">\n\t\t\t\t\t\t<div class=\"elementor-inner\">\n\t\t\t\t<div class=\"elementor-section-wrap\">\n\t\t\t\t\t\t\t\t\t<section class=\"elementor-section elementor-top-section elementor-element elementor-element-e89f3b9 elementor-section-boxed elementor-section-height-default elementor-section-height-default\" data-id=\"e89f3b9\" data-element_type=\"section\">\n\t\t\t\t\t\t<div class=\"elementor-container elementor-column-gap-default\">\n\t\t\t\t\t\t\t<div class=\"elementor-row\">\n\t\t\t\t\t<div class=\"aux-parallax-section elementor-column elementor-col-100 elementor-top-column elementor-element elementor-element-8ca1987\" data-id=\"8ca1987\" data-element_type=\"column\">\n\t\t\t<div class=\"elementor-column-wrap elementor-element-populated\">\n\t\t\t\t\t\t\t<div class=\"elementor-widget-wrap\">\n\t\t\t\t\t\t<section class=\"elementor-section elementor-inner-section elementor-element elementor-element-b2b244f elementor-section-boxed elementor-section-height-default elementor-section-height-default\" data-id=\"b2b244f\" data-element_type=\"section\">\n\t\t\t\t\t\t<div class=\"elementor-container elementor-column-gap-default\">\n\t\t\t\t\t\t\t<div class=\"elementor-row\">\n\t\t\t\t\t<div class=\"aux-parallax-section elementor-column elementor-col-100 elementor-inner-column elementor-element elementor-element-e08ae9b\" data-id=\"e08ae9b\" data-element_type=\"column\">\n\t\t\t<div class=\"elementor-column-wrap elementor-element-populated\">\n\t\t\t\t\t\t\t<div class=\"elementor-widget-wrap\">\n\t\t\t\t\t\t<div class=\"elementor-element elementor-element-1146e2b aux-appear-watch-animation aux-fade-in-up elementor-widget elementor-widget-aux_modern_heading\" data-id=\"1146e2b\" data-element_type=\"widget\" data-widget_type=\"aux_modern_heading.default\">\n\t\t\t\t<div class=\"elementor-widget-container\">\n\t\t\t<section class=\"aux-widget-modern-heading\">\n            <div class=\"aux-widget-inner\"><h3 class=\"aux-modern-heading-primary\">C\u00e1c c\u00e2u h\u1ecfi th\u01b0\u1eddng g\u1eb7p (FAQ)<\/h3><\/div>\n        <\/section>\t\t<\/div>\n\t\t\t\t<\/div>\n\t\t\t\t<div class=\"elementor-element elementor-element-d3cc90b aux-appear-watch-animation aux-fade-in-up elementor-widget elementor-widget-aux_modern_heading\" data-id=\"d3cc90b\" data-element_type=\"widget\" data-widget_type=\"aux_modern_heading.default\">\n\t\t\t\t<div class=\"elementor-widget-container\">\n\t\t\t<section class=\"aux-widget-modern-heading\">\n            <div class=\"aux-widget-inner\"><h4 class=\"aux-modern-heading-primary\">Cloud Ace<\/h4><\/div>\n        <\/section>\t\t<\/div>\n\t\t\t\t<\/div>\n\t\t\t\t<div class=\"elementor-element elementor-element-be72d1e elementor-widget elementor-widget-aux_accordion\" data-id=\"be72d1e\" data-element_type=\"widget\" data-widget_type=\"aux_accordion.default\">\n\t\t\t\t<div class=\"elementor-widget-container\">\n\t\t\t<section class=\"widget-container aux-widget-accordion widget-toggle aux-parent-au2a3db7cf\" style=\"\" ><div class=\"widget-inner  aux-type-toggle\" data-toggle=\"true\"><section class=\"aux-toggle-item\"><h5 id=\"aux-toggle-header-1991\" class=\"aux-toggle-header toggle-header\" tabindex=\"1991\" role=\"tab\" aria-controls=\"aux-toggle-content-1991\" >Cloud Ace cung c\u1ea5p nh\u1eefng d\u1ecbch v\u1ee5 g\u00ec v\u1ec1 Google Cloud?<\/h5><div id=\"aux-toggle-content-1991\" class=\"aux-toggle-content toggle-content\" tabindex=\"1991\" role=\"tabpanel\" aria-labelledby=\"aux-toggle-header-1991\" ><p>Ch\u00fang t\u00f4i cung c\u1ea5p d\u1ecbch v\u1ee5 Payment (thanh to\u00e1n) cho vi\u1ec7c s\u1eed d\u1ee5ng c\u00e1c d\u1ecbch v\u1ee5 c\u1ee7a Google Cloud t\u1ea1i Vi\u1ec7t Nam v\u00e0 xu\u1ea5t h\u00f3a \u0111\u01a1n VAT cho kh\u00e1ch h\u00e0ng. Ngo\u00e0i ra, ch\u00fang t\u00f4i c\u0169ng cung c\u1ea5p d\u1ecbch v\u1ee5 Consulting (T\u01b0 v\u1ea5n), System Migration (Di chuy\u1ec3n h\u1ec7 th\u1ed1ng), Technical Support (H\u1ed7 tr\u1ee3 k\u0129 thu\u1eadt) v\u00e0 System Development (Ph\u00e1t tri\u1ec3n h\u1ec7 th\u1ed1ng),\u2026<br \/>V\u1edbi \u0111\u1ed9i ng\u0169 chuy\u00ean gia v\u1ec1 G Suite v\u00e0 GCP, ch\u00fang t\u00f4i cung c\u1ea5p c\u00e1c kh\u00f3a \u0111\u00e0o t\u1ea1o theo nhu c\u1ea7u c\u1ee7a kh\u00e1ch h\u00e0ng.<\/p><\/div><\/section><section class=\"aux-toggle-item\"><h5 id=\"aux-toggle-header-1992\" class=\"aux-toggle-header toggle-header\" tabindex=\"1992\" role=\"tab\" aria-controls=\"aux-toggle-content-1992\" >Cloud Ace c\u00f3 cung c\u1ea5p d\u1ecbch v\u1ee5 Google Workspace (G Suite) kh\u00f4ng?<\/h5><div id=\"aux-toggle-content-1992\" class=\"aux-toggle-content toggle-content\" tabindex=\"1992\" role=\"tabpanel\" aria-labelledby=\"aux-toggle-header-1992\" ><p>Cloud Ace l\u00e0 Premier Partner c\u1ee7a Google Cloud cung c\u1ea5p d\u1ecbch v\u1ee5 <strong>Google Workspace<\/strong> (G Suite c\u0169) ch\u00ednh h\u00e3ng t\u1ea1i Vi\u1ec7t Nam. Ch\u00fang t\u00f4i cung c\u1ea5p <strong>Google Workspace <\/strong>v\u1edbi 3 phi\u00ean b\u1ea3n: Basic, Business v\u00e0 Enterprise. Basic c\u00f3 30GB b\u1ed9 nh\u1edb cho m\u1ed7i ng\u01b0\u1eddi d\u00f9ng, Business cung c\u1ea5p t\u00ednh n\u0103ng l\u01b0u tr\u1eef v\u00e0 b\u1ed9 nh\u1edb kh\u00f4ng gi\u1edbi h\u1ea1n, Enterprise bao g\u1ed3m th\u00eam kh\u1ea3 n\u0103ng t\u00f9y ch\u1ec9nh v\u00e0 ki\u1ec3m so\u00e1t n\u00e2ng cao. B\u1ea1n c\u00f3 th\u1ec3 so s\u00e1nh c\u00e1c <a href=\"https:\/\/workspace.google.com\/intl\/vi\/pricing.html\">phi\u00ean b\u1ea3n<\/a> c\u1ee7a <strong>Google Workspace<\/strong> \u0111\u1ec3 bi\u1ebft th\u00eam th\u00f4ng tin.<\/p><\/div><\/section><section class=\"aux-toggle-item\"><h5 id=\"aux-toggle-header-1993\" class=\"aux-toggle-header toggle-header\" tabindex=\"1993\" role=\"tab\" aria-controls=\"aux-toggle-content-1993\" >C\u00f4ng ty t\u00f4i \u1edf H\u00e0 N\u1ed9i, Cloud Ace c\u00f3 h\u1ed7 tr\u1ee3 t\u01b0 v\u1ea5n v\u1ec1 d\u1ecbch v\u1ee5 Google Cloud \u0111\u01b0\u1ee3c kh\u00f4ng?<\/h5><div id=\"aux-toggle-content-1993\" class=\"aux-toggle-content toggle-content\" tabindex=\"1993\" role=\"tabpanel\" aria-labelledby=\"aux-toggle-header-1993\" ><p>Cloud Ace cung c\u1ea5p c\u00e1c d\u1ecbch v\u1ee5 Google Cloud tr\u00ean to\u00e0n l\u00e3nh th\u1ed5 Vi\u1ec7t Nam . Vui l\u00f2ng li\u00ean h\u1ec7 hotline ho\u1eb7c \u0111i\u1ec1n v\u00e0o ho\u1eb7c <a href=\"https:\/\/cloud-ace.vn\/en\/lien-he\/\">Form li\u00ean h\u1ec7<\/a>, \u0111\u1ec3 \u0111\u01b0\u1ee3c ph\u1ee5c v\u1ee5 t\u1ed1t nh\u1ea5t \u201c028-6686-3323\u201d.<\/p><p>Ngo\u00e0i tr\u1ee5 s\u1edf ch\u00ednh \u1edf th\u00e0nh ph\u1ed1 H\u1ed3 Ch\u00ed Minh, ch\u00fang t\u00f4i c\u0169ng c\u00f3 v\u0103n ph\u00f2ng t\u1ea1i H\u00e0 N\u1ed9i \u0111\u1ec3 h\u1ed7 tr\u1ee3, t\u01b0 v\u1ea5n cho c\u00e1c kh\u00e1ch h\u00e0ng Mi\u1ec1n B\u1eafc.<\/p><\/div><\/section><\/div><\/section><!-- widget-container -->\t\t<\/div>\n\t\t\t\t<\/div>\n\t\t\t\t<div class=\"elementor-element elementor-element-27d05d9 aux-appear-watch-animation aux-fade-in-up elementor-widget elementor-widget-aux_modern_heading\" data-id=\"27d05d9\" data-element_type=\"widget\" data-widget_type=\"aux_modern_heading.default\">\n\t\t\t\t<div class=\"elementor-widget-container\">\n\t\t\t<section class=\"aux-widget-modern-heading\">\n            <div class=\"aux-widget-inner\"><h4 class=\"aux-modern-heading-primary\">Google Cloud Platform<\/h4><\/div>\n        <\/section>\t\t<\/div>\n\t\t\t\t<\/div>\n\t\t\t\t<div class=\"elementor-element elementor-element-612607c elementor-widget elementor-widget-aux_accordion\" data-id=\"612607c\" data-element_type=\"widget\" data-widget_type=\"aux_accordion.default\">\n\t\t\t\t<div class=\"elementor-widget-container\">\n\t\t\t<section class=\"widget-container aux-widget-accordion widget-toggle aux-parent-audd023510\" style=\"\" ><div class=\"widget-inner  aux-type-toggle\" data-toggle=\"true\"><section class=\"aux-toggle-item\"><h5 id=\"aux-toggle-header-1011\" class=\"aux-toggle-header toggle-header\" tabindex=\"1011\" role=\"tab\" aria-controls=\"aux-toggle-content-1011\" >T\u00f4i quan t\u00e2m nh\u1ea5t v\u1ec1 v\u1ea5n \u0111\u1ec1 b\u1ea3o m\u1eadt khi \u0111\u01b0a h\u1ec7 th\u1ed1ng IT l\u00ean Cloud, li\u1ec7u Google c\u00f3 \u0111\u00e1p \u1ee9ng v\u1ec1 c\u00e1c ti\u00eau chu\u1ea9n b\u1ea3o m\u1eadt hay kh\u00f4ng?<\/h5><div id=\"aux-toggle-content-1011\" class=\"aux-toggle-content toggle-content\" tabindex=\"1011\" role=\"tabpanel\" aria-labelledby=\"aux-toggle-header-1011\" ><p>C\u00e1c chuy\u00ean gia b\u1ea3o m\u1eadt c\u1ee7a Google, bao g\u1ed3m c\u1ea3 m\u1ed9t s\u1ed1 chuy\u00ean gia h\u00e0ng \u0111\u1ea7u th\u1ebf gi\u1edbi \u0111ang l\u00e0m vi\u1ec7c n\u1ed7 l\u1ef1c \u0111\u1ec3 b\u1ea3o v\u1ec7 d\u1eef li\u1ec7u c\u1ee7a b\u1ea1n. Gi\u1ed1ng nh\u01b0 t\u1ea5t c\u1ea3 c\u00e1c team t\u1ea1i Google, team n\u00e0y kh\u00f4ng ng\u1eebng \u0111\u1ed5i m\u1edbi, c\u1eadp nh\u1eadt ki\u1ebfn th\u1ee9c gi\u00fap b\u1ea3o v\u1ec7 d\u1eef li\u1ec7u ng\u00e0y c\u00e0ng an to\u00e0n h\u01a1n, kh\u00f4ng ch\u1ec9 cho h\u00e0ng t\u1ef7 ng\u01b0\u1eddi d\u00f9ng c\u1ee7a Google m\u00e0 c\u00f2n cho c\u00e1c t\u1ed5 ch\u1ee9c doanh nghi\u1ec7p.<\/p><p>Ngo\u00e0i ra, Google c\u0169ng \u0111\u00e3 nh\u1eadn \u0111\u01b0\u1ee3c c\u00e1c ch\u1ee9ng nh\u1eadn \u0111\u1ed9c l\u1eadp t\u1eeb b\u00ean th\u1ee9 ba v\u1ec1 b\u1ea3o m\u1eadt. Danh s\u00e1ch nh\u1eefng ch\u1ee9ng nh\u1eadn n\u00e0y c\u00f3 th\u1ec3 tham kh\u1ea3o <a href=\"https:\/\/cloud.google.com\/security\/compliance\">t\u1ea1i \u0111\u00e2y.<\/a><\/p><p>\u0110\u1ecdc th\u00eam <a href=\"https:\/\/blog.cloud-ace.vn\/security\/5-cach-google-cloud-giu-du-lieu-doanh-nghiep-an-toan\/\">t\u1ea1i \u0111\u00e2y<\/a> \u0111\u1ec3 bi\u1ebft 5 c\u00e1ch Google Cloud l\u01b0u tr\u1eef d\u1eef li\u1ec7u doanh nghi\u1ec7p an to\u00e0n.<\/p><\/div><\/section><section class=\"aux-toggle-item\"><h5 id=\"aux-toggle-header-1012\" class=\"aux-toggle-header toggle-header\" tabindex=\"1012\" role=\"tab\" aria-controls=\"aux-toggle-content-1012\" >Ch\u00fang t\u00f4i \u0111ang quan t\u00e2m \u0111\u1ebfn Google Cloud Platform (GCP), ch\u00fang t\u00f4i n\u00ean b\u1eaft \u0111\u1ea7u t\u00ecm hi\u1ec3u t\u1eeb \u0111\u00e2u?<\/h5><div id=\"aux-toggle-content-1012\" class=\"aux-toggle-content toggle-content\" tabindex=\"1012\" role=\"tabpanel\" aria-labelledby=\"aux-toggle-header-1012\" ><p>Qu\u00fd kh\u00e1ch c\u00f3 th\u1ec3 t\u00ecm hi\u1ec3u th\u00eam th\u00f4ng tin v\u1ec1 GCP t\u1ea1i <a href=\"https:\/\/blog.cloud-ace.vn\/big-data\/\">Cloud Ace Blog<\/a> ho\u1eb7c tham d\u1ef1 c\u00e1c s\u1ef1 ki\u1ec7n Google Cloud Platform Seminar \u0111\u01b0\u1ee3c t\u1ed5 ch\u1ee9c h\u00e0ng th\u00e1ng t\u1ea1i H\u1ed3 Ch\u00ed Minh, H\u00e0 N\u1ed9i v\u00e0 \u0110\u00e0 N\u1eb5ng v\u1edbi c\u00e1c ch\u1ee7 \u0111\u1ec1 v\u1ec1 c\u00e1c s\u1ea3n ph\u1ea9m tr\u00ean GCP. H\u00e3y follow ch\u00fang t\u00f4i t\u1ea1i <a href=\"https:\/\/www.facebook.com\/CloudAceVietnam\/\">Facebook<\/a>, <a href=\"https:\/\/www.meetup.com\/Google-Cloud-Group-Vietnam\/\">Meetup<\/a> \u0111\u1ec3 \u0111\u01b0\u1ee3c c\u1eadp nh\u1eadt th\u00f4ng tin.<\/p><p>N\u1ebfu c\u1ea7n t\u01b0 v\u1ea5n chuy\u00ean s\u00e2u h\u01a1n, b\u1ea1n c\u00f3 th\u1ec3 li\u00ean h\u1ec7 v\u1edbi ch\u00fang t\u00f4i t\u1ea1i hotline \u201c028-6686-3323\u201d ho\u1eb7c <a href=\"https:\/\/cloud-ace.vn\/en\/lien-he\/\">Form li\u00ean h\u1ec7<\/a>, \u0111\u1ec3 k\u1ef9 s\u01b0 v\u1ec1 Google Cloud c\u1ee7a ch\u00fang t\u00f4i t\u01b0 v\u1ea5n.<\/p><\/div><\/section><section class=\"aux-toggle-item\"><h5 id=\"aux-toggle-header-1013\" class=\"aux-toggle-header toggle-header\" tabindex=\"1013\" role=\"tab\" aria-controls=\"aux-toggle-content-1013\" >GCP c\u00f3 nh\u1eefng \u01b0u, nh\u01b0\u1ee3c \u0111i\u1ec3m g\u00ec so v\u1edbi nh\u1eefng nh\u00e0 cung c\u1ea5p Cloud kh\u00e1c tr\u00ean th\u1ebf gi\u1edbi ?(V\u00ed d\u1ee5: AWS)<\/h5><div id=\"aux-toggle-content-1013\" class=\"aux-toggle-content toggle-content\" tabindex=\"1013\" role=\"tabpanel\" aria-labelledby=\"aux-toggle-header-1013\" ><p>Trong nhi\u1ec1u tr\u01b0\u1eddng h\u1ee3p, khi Qu\u00fd kh\u00e1ch h\u00e0ng s\u1eed d\u1ee5ng GCP s\u1ebd t\u1ed1n \u00edt chi ph\u00ed v\u00e0 s\u1ea3n ph\u1ea9m c\u00f3 \u0111\u01b0\u1ee3c t\u1ed1c \u0111\u1ed9, \u0111\u1ed9 \u1ed5n \u0111\u1ecbnh cao h\u01a1n so v\u1edbi nh\u1eefng nh\u00e0 cung c\u1ea5p Cloud kh\u00e1c tr\u00ean th\u1ebf gi\u1edbi. Chi ti\u1ebft c\u1ee5 th\u1ec3 Qu\u00fd kh\u00e1ch c\u00f3 th\u1ec3 tham kh\u1ea3o<a href=\"https:\/\/cloud-ace.vn\/en\/gioi-thieu\/comparison-with-aws-azure\/\"> \u1edf \u0111\u00e2y.<\/a><\/p><\/div><\/section><section class=\"aux-toggle-item\"><h5 id=\"aux-toggle-header-1014\" class=\"aux-toggle-header toggle-header\" tabindex=\"1014\" role=\"tab\" aria-controls=\"aux-toggle-content-1014\" >Vi\u1ec7c s\u1eed d\u1ee5ng GCP th\u00f4ng qua Cloud Ace c\u00f3 nh\u1eefng \u01b0u, nh\u01b0\u1ee3c \u0111i\u1ec3m g\u00ec?, so v\u1edbi vi\u1ec7c ch\u00fang t\u00f4i tr\u1ef1c ti\u1ebfp li\u00ean h\u1ec7 v\u1edbi Google.<\/h5><div id=\"aux-toggle-content-1014\" class=\"aux-toggle-content toggle-content\" tabindex=\"1014\" role=\"tabpanel\" aria-labelledby=\"aux-toggle-header-1014\" ><p>Khi Qu\u00fd kh\u00e1ch s\u1eed d\u1ee5ng GCP th\u00f4ng qua Cloud Ace, Qu\u00fd kh\u00e1ch s\u1ebd \u0111\u01b0\u1ee3c \u0111\u1ed9i ng\u0169 t\u01b0 v\u1ea5n c\u00f3 ch\u1ee9ng ch\u1ec9 c\u1ee7a Google t\u01b0 v\u1ea5n c\u00e1c s\u1ea3n ph\u1ea9m, gi\u1ea3i ph\u00e1p ph\u00f9 h\u1ee3p v\u1edbi b\u00e0i to\u00e1n c\u1ee7a doanh nghi\u1ec7p. Ngo\u00e0i ra c\u00f4ng ty Cloud Ace s\u1ebd gi\u00fap doanh nghi\u1ec7p thanh to\u00e1n b\u1eb1ng Vi\u1ec7t Nam \u0111\u1ed3ng, xu\u1ea5t h\u00f3a \u0111\u01a1n \u0111\u1ecf VAT \u0111\u1ec3 ph\u1ee5c v\u1ee5 c\u00e1c b\u00e1o c\u00e1o t\u00e0i ch\u00ednh c\u1ee7a doanh nghi\u1ec7p. Hi\u1ec7n t\u1ea1i Goole m\u1edbi ch\u1ec9 support c\u00e1c s\u1ea3n ph\u1ea9m c\u1ee7a h\u1ecd b\u1eb1ng ti\u1ebfng Anh v\u00e0 ph\u1ea3n h\u1ed3i t\u01b0\u01a1ng \u0111\u1ed1i ch\u1eadm, c\u00f4ng ty Cloud Ace l\u00e0 \u0111\u1ed1i t\u00e1c premium c\u1ee7a Google s\u1ebd h\u1ed7 tr\u1ee3 Qu\u00fd kh\u00e1ch b\u1eb1ng ti\u1ebfng Vi\u1ec7t v\u00e0 ph\u1ea3n h\u1ed3i m\u1ed9t c\u00e1ch nhanh nh\u1ea5t (trong m\u1ed9t v\u00e0i tr\u01b0\u1eddng h\u1ee3p c\u00f3 th\u1ec3 g\u1eb7p m\u1eb7t tr\u1ef1c ti\u1ebfp \u0111\u1ec3 t\u01b0 v\u1ea5n, h\u1ed7 tr\u1ee3).<\/p><\/div><\/section><\/div><\/section><!-- widget-container -->\t\t<\/div>\n\t\t\t\t<\/div>\n\t\t\t\t<div class=\"elementor-element elementor-element-83ac385 aux-appear-watch-animation aux-fade-in-up elementor-widget elementor-widget-aux_modern_heading\" data-id=\"83ac385\" data-element_type=\"widget\" data-widget_type=\"aux_modern_heading.default\">\n\t\t\t\t<div class=\"elementor-widget-container\">\n\t\t\t<section class=\"aux-widget-modern-heading\">\n            <div class=\"aux-widget-inner\"><h4 class=\"aux-modern-heading-primary\">Recruit\n<\/h4><\/div>\n        <\/section>\t\t<\/div>\n\t\t\t\t<\/div>\n\t\t\t\t<div class=\"elementor-element elementor-element-9ce858b elementor-widget elementor-widget-aux_accordion\" data-id=\"9ce858b\" data-element_type=\"widget\" data-widget_type=\"aux_accordion.default\">\n\t\t\t\t<div class=\"elementor-widget-container\">\n\t\t\t<section class=\"widget-container aux-widget-accordion widget-toggle aux-parent-aub1e01486\" style=\"\" ><div class=\"widget-inner  aux-type-toggle\" data-toggle=\"true\"><section class=\"aux-toggle-item\"><h5 id=\"aux-toggle-header-1641\" class=\"aux-toggle-header toggle-header\" tabindex=\"1641\" role=\"tab\" aria-controls=\"aux-toggle-content-1641\" >T\u00f4i r\u1ea5t quan t\u00e2m v\u00e0 c\u00f3 kinh nghi\u1ec7m v\u1ec1 l\u0129nh v\u1ef1c Cloud, v\u1eady cho h\u1ecfi C\u00f4ng ty c\u00f3 k\u1ebf ho\u1ea1ch tuy\u1ec3n d\u1ee5ng th\u00eam c\u00e1c v\u1ecb tr\u00ed n\u00e0o kh\u00f4ng? (M\u1ed9t s\u1ed1 b\u1ea1n sinh vi\u00ean tham gia s\u1ef1 ki\u1ec7n \u0111\u00e3 h\u1ecfi)<\/h5><div id=\"aux-toggle-content-1641\" class=\"aux-toggle-content toggle-content\" tabindex=\"1641\" role=\"tabpanel\" aria-labelledby=\"aux-toggle-header-1641\" ><p>\u0110\u1ed1i v\u1edbi c\u00e1c b\u1ea1n sinh vi\u00ean, c\u00f4ng ty \u0111ang tuy\u1ec3n d\u1ee5ng c\u00e1c v\u1ecb tr\u00ed internship (th\u1ef1c t\u1eadp sinh) \u1edf c\u1ea3 tr\u1ee5 s\u1edf ch\u00ednh H\u1ed3 Ch\u00ed Minh, v\u00e0 chi nh\u00e1nh H\u00e0 N\u1ed9i.<\/p><p>Ngo\u00e0i ra ch\u00fang t\u00f4i c\u0169ng tuy\u1ec3n c\u00e1c v\u1ecb tr\u00ed nh\u00e2n vi\u00ean ch\u00ednh th\u1ee9c, c\u00e1c b\u1ea1n c\u00f3 th\u1ec3 tham kh\u1ea3o<a href=\"https:\/\/cloud-ace.vn\/en\/tuyen-dung\/\"> \u1edf \u0111\u00e2y .<\/a><\/p><\/div><\/section><\/div><\/section><!-- widget-container -->\t\t<\/div>\n\t\t\t\t<\/div>\n\t\t\t\t\t\t<\/div>\n\t\t\t\t\t<\/div>\n\t\t<\/div>\n\t\t\t\t\t\t\t\t<\/div>\n\t\t\t\t\t<\/div>\n\t\t<\/section>\n\t\t\t\t<div class=\"elementor-element elementor-element-d6613b2 elementor-widget elementor-widget-image\" data-id=\"d6613b2\" data-element_type=\"widget\" data-widget_type=\"image.default\">\n\t\t\t\t<div class=\"elementor-widget-container\">\n\t\t\t\t\t\t\t\t<div class=\"elementor-image\">\n\t\t\t\t\t\t\t\t\t\t\t\t<img src=\"https:\/\/cloud-ace.vn\/wp-content\/uploads\/2022\/09\/Cloud-Ace-ngang.png\" title=\"Cloud Ace ngang\" alt=\"Cloud Ace ngang\" \/>\t\t\t\t\t\t\t\t\t\t\t\t\t\t<\/div>\n\t\t\t\t\t\t<\/div>\n\t\t\t\t<\/div>\n\t\t\t\t\t\t<\/div>\n\t\t\t\t\t<\/div>\n\t\t<\/div>\n\t\t\t\t\t\t\t\t<\/div>\n\t\t\t\t\t<\/div>\n\t\t<\/section>\n\t\t\t\t\t\t\t\t\t<\/div>\n\t\t\t<\/div>\n\t\t\t\t\t<\/div>","protected":false},"excerpt":{"rendered":"<p>C\u00e1c c\u00e2u h\u1ecfi th\u01b0\u1eddng g\u1eb7p (FAQ) Cloud Ace Cloud Ace cung c\u1ea5p nh\u1eefng d\u1ecbch v\u1ee5 g\u00ec v\u1ec1 Google Cloud? Ch\u00fang t\u00f4i cung c\u1ea5p d\u1ecbch v\u1ee5 Payment (thanh to\u00e1n) cho vi\u1ec7c [&hellip;]<\/p>","protected":false},"author":2,"featured_media":0,"parent":0,"menu_order":0,"comment_status":"closed","ping_status":"closed","template":"templates\/page-builder-content.php","meta":{"inline_featured_image":false},"yoast_head":"<!-- This site is optimized with the Yoast SEO Premium plugin v19.2.1 (Yoast SEO v19.6.1) - https:\/\/yoast.com\/wordpress\/plugins\/seo\/ -->\n<title>FAQ (C\u00e2u h\u1ecfi th\u01b0\u1eddng g\u1eb7p khi s\u1eed d\u1ee5ng GCP) - Cloud Ace<\/title>\n<meta name=\"description\" content=\"C\u00e1c c\u00e2u h\u1ecfi th\u01b0\u1eddng g\u1eb7p (FAQ) khi kh\u00e1ch h\u00e0ng s\u1eed d\u1ee5ng Google Cloud Platform - t\u1ea5t c\u1ea3 s\u1ebd \u0111\u01b0\u1ee3c gi\u1ea3i \u0111\u00e1p b\u1edfi Cloud Ace. Li\u00ean h\u1ec7 ngay v\u1edbi ch\u00fang t\u00f4i\" \/>\n<meta name=\"robots\" content=\"index, follow, max-snippet:-1, max-image-preview:large, max-video-preview:-1\" \/>\n<link rel=\"canonical\" href=\"https:\/\/cloud-ace.vn\/en\/faq\/\" \/>\n<meta property=\"og:locale\" content=\"en_US\" \/>\n<meta property=\"og:type\" content=\"article\" \/>\n<meta property=\"og:title\" content=\"FAQ\" \/>\n<meta property=\"og:description\" content=\"C\u00e1c c\u00e2u h\u1ecfi th\u01b0\u1eddng g\u1eb7p (FAQ) khi kh\u00e1ch h\u00e0ng s\u1eed d\u1ee5ng Google Cloud Platform - t\u1ea5t c\u1ea3 s\u1ebd \u0111\u01b0\u1ee3c gi\u1ea3i \u0111\u00e1p b\u1edfi Cloud Ace. Li\u00ean h\u1ec7 ngay v\u1edbi ch\u00fang t\u00f4i\" \/>\n<meta property=\"og:url\" content=\"https:\/\/cloud-ace.vn\/en\/faq\/\" \/>\n<meta property=\"og:site_name\" content=\"Cloud Ace\" \/>\n<meta property=\"article:modified_time\" content=\"2022-09-22T02:55:20+00:00\" \/>\n<meta name=\"twitter:card\" content=\"summary_large_image\" \/>\n<meta name=\"twitter:label1\" content=\"Est. reading time\" \/>\n\t<meta name=\"twitter:data1\" content=\"5 minutes\" \/>\n<script type=\"application\/ld+json\" class=\"yoast-schema-graph\">{\"@context\":\"https:\/\/schema.org\",\"@graph\":[{\"@type\":\"WebPage\",\"@id\":\"https:\/\/cloud-ace.vn\/faq\/\",\"url\":\"https:\/\/cloud-ace.vn\/faq\/\",\"name\":\"FAQ (C\u00e2u h\u1ecfi th\u01b0\u1eddng g\u1eb7p khi s\u1eed d\u1ee5ng GCP) - Cloud Ace\",\"isPartOf\":{\"@id\":\"https:\/\/vn.cloud-ace.com\/#website\"},\"datePublished\":\"2021-10-04T06:17:26+00:00\",\"dateModified\":\"2022-09-22T02:55:20+00:00\",\"description\":\"C\u00e1c c\u00e2u h\u1ecfi th\u01b0\u1eddng g\u1eb7p (FAQ) khi kh\u00e1ch h\u00e0ng s\u1eed d\u1ee5ng Google Cloud Platform - t\u1ea5t c\u1ea3 s\u1ebd \u0111\u01b0\u1ee3c gi\u1ea3i \u0111\u00e1p b\u1edfi Cloud Ace. Li\u00ean h\u1ec7 ngay v\u1edbi ch\u00fang t\u00f4i\",\"breadcrumb\":{\"@id\":\"https:\/\/cloud-ace.vn\/faq\/#breadcrumb\"},\"inLanguage\":\"en-US\",\"potentialAction\":[{\"@type\":\"ReadAction\",\"target\":[\"https:\/\/cloud-ace.vn\/faq\/\"]}]},{\"@type\":\"BreadcrumbList\",\"@id\":\"https:\/\/cloud-ace.vn\/faq\/#breadcrumb\",\"itemListElement\":[{\"@type\":\"ListItem\",\"position\":1,\"name\":\"Home\",\"item\":\"https:\/\/vn.cloud-ace.com\/\"},{\"@type\":\"ListItem\",\"position\":2,\"name\":\"FAQ\"}]},{\"@type\":\"WebSite\",\"@id\":\"https:\/\/vn.cloud-ace.com\/#website\",\"url\":\"https:\/\/vn.cloud-ace.com\/\",\"name\":\"Cloud Ace\",\"description\":\"Nh\u00e0 cung c\u1ea5p gi\u1ea3i ph\u00e1p tr\u00ean GCP cho doanh nghi\u1ec7p\",\"publisher\":{\"@id\":\"https:\/\/vn.cloud-ace.com\/#organization\"},\"potentialAction\":[{\"@type\":\"SearchAction\",\"target\":{\"@type\":\"EntryPoint\",\"urlTemplate\":\"https:\/\/vn.cloud-ace.com\/?s={search_term_string}\"},\"query-input\":\"required name=search_term_string\"}],\"inLanguage\":\"en-US\"},{\"@type\":\"Organization\",\"@id\":\"https:\/\/vn.cloud-ace.com\/#organization\",\"name\":\"Cloud Ace\",\"url\":\"https:\/\/vn.cloud-ace.com\/\",\"sameAs\":[],\"logo\":{\"@type\":\"ImageObject\",\"inLanguage\":\"en-US\",\"@id\":\"https:\/\/vn.cloud-ace.com\/#\/schema\/logo\/image\/\",\"url\":\"https:\/\/cloud-ace.vn\/wp-content\/uploads\/2023\/11\/Cloud-Ace-Logo.jpg\",\"contentUrl\":\"https:\/\/cloud-ace.vn\/wp-content\/uploads\/2023\/11\/Cloud-Ace-Logo.jpg\",\"width\":300,\"height\":300,\"caption\":\"Cloud Ace\"},\"image\":{\"@id\":\"https:\/\/vn.cloud-ace.com\/#\/schema\/logo\/image\/\"}}]}<\/script>\n<!-- \/ Yoast SEO Premium plugin. -->","yoast_head_json":{"title":"FAQ (C\u00e2u h\u1ecfi th\u01b0\u1eddng g\u1eb7p khi s\u1eed d\u1ee5ng GCP) - Cloud Ace","description":"C\u00e1c c\u00e2u h\u1ecfi th\u01b0\u1eddng g\u1eb7p (FAQ) khi kh\u00e1ch h\u00e0ng s\u1eed d\u1ee5ng Google Cloud Platform - t\u1ea5t c\u1ea3 s\u1ebd \u0111\u01b0\u1ee3c gi\u1ea3i \u0111\u00e1p b\u1edfi Cloud Ace. Li\u00ean h\u1ec7 ngay v\u1edbi ch\u00fang t\u00f4i","robots":{"index":"index","follow":"follow","max-snippet":"max-snippet:-1","max-image-preview":"max-image-preview:large","max-video-preview":"max-video-preview:-1"},"canonical":"https:\/\/cloud-ace.vn\/en\/faq\/","og_locale":"en_US","og_type":"article","og_title":"FAQ","og_description":"C\u00e1c c\u00e2u h\u1ecfi th\u01b0\u1eddng g\u1eb7p (FAQ) khi kh\u00e1ch h\u00e0ng s\u1eed d\u1ee5ng Google Cloud Platform - t\u1ea5t c\u1ea3 s\u1ebd \u0111\u01b0\u1ee3c gi\u1ea3i \u0111\u00e1p b\u1edfi Cloud Ace. Li\u00ean h\u1ec7 ngay v\u1edbi ch\u00fang t\u00f4i","og_url":"https:\/\/cloud-ace.vn\/en\/faq\/","og_site_name":"Cloud Ace","article_modified_time":"2022-09-22T02:55:20+00:00","twitter_card":"summary_large_image","twitter_misc":{"Est. reading time":"5 minutes"},"schema":{"@context":"https:\/\/schema.org","@graph":[{"@type":"WebPage","@id":"https:\/\/cloud-ace.vn\/faq\/","url":"https:\/\/cloud-ace.vn\/faq\/","name":"FAQ (C\u00e2u h\u1ecfi th\u01b0\u1eddng g\u1eb7p khi s\u1eed d\u1ee5ng GCP) - Cloud Ace","isPartOf":{"@id":"https:\/\/vn.cloud-ace.com\/#website"},"datePublished":"2021-10-04T06:17:26+00:00","dateModified":"2022-09-22T02:55:20+00:00","description":"C\u00e1c c\u00e2u h\u1ecfi th\u01b0\u1eddng g\u1eb7p (FAQ) khi kh\u00e1ch h\u00e0ng s\u1eed d\u1ee5ng Google Cloud Platform - t\u1ea5t c\u1ea3 s\u1ebd \u0111\u01b0\u1ee3c gi\u1ea3i \u0111\u00e1p b\u1edfi Cloud Ace. Li\u00ean h\u1ec7 ngay v\u1edbi ch\u00fang t\u00f4i","breadcrumb":{"@id":"https:\/\/cloud-ace.vn\/faq\/#breadcrumb"},"inLanguage":"en-US","potentialAction":[{"@type":"ReadAction","target":["https:\/\/cloud-ace.vn\/faq\/"]}]},{"@type":"BreadcrumbList","@id":"https:\/\/cloud-ace.vn\/faq\/#breadcrumb","itemListElement":[{"@type":"ListItem","position":1,"name":"Home","item":"https:\/\/vn.cloud-ace.com\/"},{"@type":"ListItem","position":2,"name":"FAQ"}]},{"@type":"WebSite","@id":"https:\/\/vn.cloud-ace.com\/#website","url":"https:\/\/vn.cloud-ace.com\/","name":"Cloud Ace","description":"Nh\u00e0 cung c\u1ea5p gi\u1ea3i ph\u00e1p tr\u00ean GCP cho doanh nghi\u1ec7p","publisher":{"@id":"https:\/\/vn.cloud-ace.com\/#organization"},"potentialAction":[{"@type":"SearchAction","target":{"@type":"EntryPoint","urlTemplate":"https:\/\/vn.cloud-ace.com\/?s={search_term_string}"},"query-input":"required name=search_term_string"}],"inLanguage":"en-US"},{"@type":"Organization","@id":"https:\/\/vn.cloud-ace.com\/#organization","name":"Cloud Ace","url":"https:\/\/vn.cloud-ace.com\/","sameAs":[],"logo":{"@type":"ImageObject","inLanguage":"en-US","@id":"https:\/\/vn.cloud-ace.com\/#\/schema\/logo\/image\/","url":"https:\/\/cloud-ace.vn\/wp-content\/uploads\/2023\/11\/Cloud-Ace-Logo.jpg","contentUrl":"https:\/\/cloud-ace.vn\/wp-content\/uploads\/2023\/11\/Cloud-Ace-Logo.jpg","width":300,"height":300,"caption":"Cloud Ace"},"image":{"@id":"https:\/\/vn.cloud-ace.com\/#\/schema\/logo\/image\/"}}]}},"_links":{"self":[{"href":"https:\/\/cloud-ace.vn\/en\/wp-json\/wp\/v2\/pages\/2767"}],"collection":[{"href":"https:\/\/cloud-ace.vn\/en\/wp-json\/wp\/v2\/pages"}],"about":[{"href":"https:\/\/cloud-ace.vn\/en\/wp-json\/wp\/v2\/types\/page"}],"author":[{"embeddable":true,"href":"https:\/\/cloud-ace.vn\/en\/wp-json\/wp\/v2\/users\/2"}],"replies":[{"embeddable":true,"href":"https:\/\/cloud-ace.vn\/en\/wp-json\/wp\/v2\/comments?post=2767"}],"version-history":[{"count":41,"href":"https:\/\/cloud-ace.vn\/en\/wp-json\/wp\/v2\/pages\/2767\/revisions"}],"predecessor-version":[{"id":10762,"href":"https:\/\/cloud-ace.vn\/en\/wp-json\/wp\/v2\/pages\/2767\/revisions\/10762"}],"wp:attachment":[{"href":"https:\/\/cloud-ace.vn\/en\/wp-json\/wp\/v2\/media?parent=2767"}],"curies":[{"name":"wp","href":"https:\/\/api.w.org\/{rel}","templated":true}]}}